{"id":64,"date":"2017-12-14T18:06:43","date_gmt":"2017-12-14T18:06:43","guid":{"rendered":"https:\/\/zkotachov.eu\/?page_id=64"},"modified":"2020-05-06T08:06:44","modified_gmt":"2020-05-06T08:06:44","slug":"clenove-klubu","status":"publish","type":"page","link":"https:\/\/zkotachov.eu\/?page_id=64","title":{"rendered":"\u010clenov\u00e9 klubu"},"content":{"rendered":"<p>\u00a0<\/p>\n<h1 style=\"text-align: center;\">\u010clenov\u00e9 na\u0161eho klubu<\/h1>\n<p>\u00a0<\/p>\n\n\n\n<table id=\"tablepress-1\" class=\"tablepress tablepress-id-1\">\n<thead>\n<tr class=\"row-1\">\n\t<th class=\"column-1\">Jm\u00e9no<\/th><th class=\"column-2\">P\u0159\u00edjmen\u00ed<\/th><th class=\"column-3\">Jm\u00e9no psa<\/th>\n<\/tr>\n<\/thead>\n<tbody>\n<tr class=\"row-2\">\n\t<td class=\"column-1\">BRICHTA <\/td><td class=\"column-2\">Ren\u00e9<\/td><td class=\"column-3\"><\/td>\n<\/tr>\n<tr class=\"row-3\">\n\t<td class=\"column-1\">BURIAN<\/td><td class=\"column-2\">Ji\u0159\u00ed<\/td><td class=\"column-3\"><\/td>\n<\/tr>\n<tr class=\"row-4\">\n\t<td class=\"column-1\">BURI\u00c1N<\/td><td class=\"column-2\">Karel<\/td><td class=\"column-3\"><\/td>\n<\/tr>\n<tr class=\"row-5\">\n\t<td class=\"column-1\">BYD\u017dOVSK\u00c1<\/td><td class=\"column-2\">Nad\u011b\u017eda<\/td><td class=\"column-3\"><\/td>\n<\/tr>\n<tr class=\"row-6\">\n\t<td class=\"column-1\">\u010cERM\u00c1K<\/td><td class=\"column-2\">Zden\u011bk<\/td><td class=\"column-3\"><\/td>\n<\/tr>\n<tr class=\"row-7\">\n\t<td class=\"column-1\">DOMBORVSK\u00c1<\/td><td class=\"column-2\">Lenka<\/td><td class=\"column-3\"><\/td>\n<\/tr>\n<tr class=\"row-8\">\n\t<td class=\"column-1\">DRANKO<\/td><td class=\"column-2\">Ivan<\/td><td class=\"column-3\"><\/td>\n<\/tr>\n<tr class=\"row-9\">\n\t<td class=\"column-1\">FATKA<\/td><td class=\"column-2\">Petr<\/td><td class=\"column-3\"><\/td>\n<\/tr>\n<tr class=\"row-10\">\n\t<td class=\"column-1\">HOFFMAN<\/td><td class=\"column-2\">Josef<\/td><td class=\"column-3\"><\/td>\n<\/tr>\n<tr class=\"row-11\">\n\t<td class=\"column-1\">HONZ\u00cdKOV\u00c1<\/td><td class=\"column-2\">Radka<\/td><td class=\"column-3\"><\/td>\n<\/tr>\n<tr class=\"row-12\">\n\t<td class=\"column-1\">CHRAMOSTOV\u00c1<\/td><td class=\"column-2\">Kate\u0159ina<\/td><td class=\"column-3\"><\/td>\n<\/tr>\n<tr class=\"row-13\">\n\t<td class=\"column-1\">KAREL;<\/td><td class=\"column-2\">Jakub<\/td><td class=\"column-3\"><\/td>\n<\/tr>\n<tr class=\"row-14\">\n\t<td class=\"column-1\">KA\u0160OV\u00c1<\/td><td class=\"column-2\">Hana<\/td><td class=\"column-3\"><\/td>\n<\/tr>\n<tr class=\"row-15\">\n\t<td class=\"column-1\">KOFL<\/td><td class=\"column-2\">Miroslav<\/td><td class=\"column-3\"><\/td>\n<\/tr>\n<tr class=\"row-16\">\n\t<td class=\"column-1\">KOVA\u0158\u00cdKOV\u00c1<\/td><td class=\"column-2\">Hana<\/td><td class=\"column-3\"><\/td>\n<\/tr>\n<tr class=\"row-17\">\n\t<td class=\"column-1\">LANGR<\/td><td class=\"column-2\">Tom\u00e1\u0161<\/td><td class=\"column-3\"><\/td>\n<\/tr>\n<tr class=\"row-18\">\n\t<td class=\"column-1\">LEDVINA<\/td><td class=\"column-2\">Ladislav<\/td><td class=\"column-3\"><\/td>\n<\/tr>\n<tr class=\"row-19\">\n\t<td class=\"column-1\">MATOU\u0160EK<\/td><td class=\"column-2\">V\u00e1clav<\/td><td class=\"column-3\"><\/td>\n<\/tr>\n<tr class=\"row-20\">\n\t<td class=\"column-1\">MULTU\u0160OV\u00c1<\/td><td class=\"column-2\">Vendula<\/td><td class=\"column-3\"><\/td>\n<\/tr>\n<tr class=\"row-21\">\n\t<td class=\"column-1\">NOVOHRADSK\u00c1<\/td><td class=\"column-2\">Michaela<\/td><td class=\"column-3\"><\/td>\n<\/tr>\n<tr class=\"row-22\">\n\t<td class=\"column-1\">PALE\u010cKOV\u00c1<\/td><td class=\"column-2\">Jana<\/td><td class=\"column-3\"><\/td>\n<\/tr>\n<tr class=\"row-23\">\n\t<td class=\"column-1\">P\u011aCHOU\u010cEK<\/td><td class=\"column-2\">Stanislav<\/td><td class=\"column-3\"><\/td>\n<\/tr>\n<tr class=\"row-24\">\n\t<td class=\"column-1\">PRA\u017d\u00c1KOV\u00c1<\/td><td class=\"column-2\">V\u011bra<\/td><td class=\"column-3\"><\/td>\n<\/tr>\n<tr class=\"row-25\">\n\t<td class=\"column-1\">R\u00c1\u017d <\/td><td class=\"column-2\">Jaroslav<\/td><td class=\"column-3\"><\/td>\n<\/tr>\n<tr class=\"row-26\">\n\t<td class=\"column-1\">RO\u010cEK<\/td><td class=\"column-2\">Miroslav<\/td><td class=\"column-3\"><\/td>\n<\/tr>\n<tr class=\"row-27\">\n\t<td class=\"column-1\">RO\u010cKOV\u00c1 <\/td><td class=\"column-2\">Dagmar<\/td><td class=\"column-3\"><\/td>\n<\/tr>\n<tr class=\"row-28\">\n\t<td class=\"column-1\">SNOPKO <\/td><td class=\"column-2\">Jana<\/td><td class=\"column-3\"><\/td>\n<\/tr>\n<tr class=\"row-29\">\n\t<td class=\"column-1\">SOUHRADA <\/td><td class=\"column-2\">Marek<\/td><td class=\"column-3\"><\/td>\n<\/tr>\n<tr class=\"row-30\">\n\t<td class=\"column-1\">SOUKUP <\/td><td class=\"column-2\">Libor<\/td><td class=\"column-3\"><\/td>\n<\/tr>\n<tr class=\"row-31\">\n\t<td class=\"column-1\">\u0160MICH <\/td><td class=\"column-2\">Jan<\/td><td class=\"column-3\"><\/td>\n<\/tr>\n<tr class=\"row-32\">\n\t<td class=\"column-1\">\u0160TUDENT <\/td><td class=\"column-2\">V\u00e1clav<\/td><td class=\"column-3\"><\/td>\n<\/tr>\n<tr class=\"row-33\">\n\t<td class=\"column-1\">TOMKOV\u00c1 <\/td><td class=\"column-2\">Simona<\/td><td class=\"column-3\"><\/td>\n<\/tr>\n<tr class=\"row-34\">\n\t<td class=\"column-1\">V\u00c1CLAV <\/td><td class=\"column-2\">Franti\u0161ek<\/td><td class=\"column-3\"><\/td>\n<\/tr>\n<tr class=\"row-35\">\n\t<td class=\"column-1\">V\u00c1CLAVOV\u00c1 <\/td><td class=\"column-2\">Mark\u00e9ta<\/td><td class=\"column-3\"><\/td>\n<\/tr>\n<tr class=\"row-36\">\n\t<td class=\"column-1\">V\u00c1CHOV\u00c1 <\/td><td class=\"column-2\">Iva<\/td><td class=\"column-3\"><\/td>\n<\/tr>\n<tr class=\"row-37\">\n\t<td class=\"column-1\">VR\u0160ECK\u00dd <\/td><td class=\"column-2\">Miroslav<\/td><td class=\"column-3\"><\/td>\n<\/tr>\n<\/tbody>\n<\/table>\n<!-- #tablepress-1 from cache -->\n","protected":false},"excerpt":{"rendered":"<p>\u00a0 \u010clenov\u00e9 na\u0161eho klubu \u00a0<\/p>\n","protected":false},"author":1,"featured_media":0,"parent":0,"menu_order":0,"comment_status":"closed","ping_status":"closed","template":"","meta":{"footnotes":""},"_links":{"self":[{"href":"https:\/\/zkotachov.eu\/index.php?rest_route=\/wp\/v2\/pages\/64"}],"collection":[{"href":"https:\/\/zkotachov.eu\/index.php?rest_route=\/wp\/v2\/pages"}],"about":[{"href":"https:\/\/zkotachov.eu\/index.php?rest_route=\/wp\/v2\/types\/page"}],"author":[{"embeddable":true,"href":"https:\/\/zkotachov.eu\/index.php?rest_route=\/wp\/v2\/users\/1"}],"replies":[{"embeddable":true,"href":"https:\/\/zkotachov.eu\/index.php?rest_route=%2Fwp%2Fv2%2Fcomments&post=64"}],"version-history":[{"count":94,"href":"https:\/\/zkotachov.eu\/index.php?rest_route=\/wp\/v2\/pages\/64\/revisions"}],"predecessor-version":[{"id":622,"href":"https:\/\/zkotachov.eu\/index.php?rest_route=\/wp\/v2\/pages\/64\/revisions\/622"}],"wp:attachment":[{"href":"https:\/\/zkotachov.eu\/index.php?rest_route=%2Fwp%2Fv2%2Fmedia&parent=64"}],"curies":[{"name":"wp","href":"https:\/\/api.w.org\/{rel}","templated":true}]}}