{"id":48,"date":"2017-12-14T17:31:56","date_gmt":"2017-12-14T17:31:56","guid":{"rendered":"https:\/\/zkotachov.eu\/?page_id=48"},"modified":"2020-10-14T10:50:10","modified_gmt":"2020-10-14T10:50:10","slug":"domovska_stranka","status":"publish","type":"page","link":"https:\/\/zkotachov.eu\/","title":{"rendered":"Domovska_stranka"},"content":{"rendered":"<p>[et_pb_section fb_built=&#8220;1&#8243; _builder_version=&#8220;3.0.47&#8243;][et_pb_row disabled_on=&#8220;off|off|off&#8220; _builder_version=&#8220;3.9&#8243; background_size=&#8220;initial&#8220; background_position=&#8220;top_left&#8220; background_repeat=&#8220;repeat&#8220;][et_pb_column type=&#8220;4_4&#8243; _builder_version=&#8220;3.0.47&#8243; parallax=&#8220;off&#8220; parallax_method=&#8220;on&#8220;][et_pb_slider disabled_on=&#8220;off|off|off&#8220; admin_label=&#8220;Slider&#8220; _builder_version=&#8220;3.9&#8243; use_background_color_gradient=&#8220;on&#8220; background_image=&#8220;https:\/\/zkotachov.eu\/wp-content\/uploads\/2018\/01\/P1050288.jpg&#8220; box_shadow_style=&#8220;preset6&#8243; box_shadow_blur=&#8220;10px&#8220; box_shadow_color=&#8220;rgba(0,0,0,0.1)&#8220; custom_padding=&#8220;|||&#8220;][et_pb_slide heading=&#8220;V\u00edtejte na str\u00e1nk\u00e1ch ZKO Tachov &#8211; Miner\u00e1lka&#8220; use_bg_overlay=&#8220;off&#8220; use_text_overlay=&#8220;off&#8220; _builder_version=&#8220;3.2&#8243; background_color=&#8220;#ffffff&#8220;][\/et_pb_slide][\/et_pb_slider][\/et_pb_column][\/et_pb_row][et_pb_row _builder_version=&#8220;3.0.91&#8243;][et_pb_column type=&#8220;1_2&#8243; _builder_version=&#8220;3.0.47&#8243; parallax=&#8220;off&#8220; parallax_method=&#8220;on&#8220;][et_pb_text _builder_version=&#8220;3.0.91&#8243;]<\/p>\n<div>\n<h1><strong>ZKO Tachov &#8211; Miner\u00e1lka<\/strong><\/h1>\n<\/div>\n<div><\/div>\n<div style=\"text-align: left;\">Jsme registrov\u00e1ni u\u00a0\u010cesk\u00e9ho kynologick\u00e9ho svazu (<a href=\"http:\/\/www.kynologie.cz\/\" target=\"_blank\" rel=\"noopener noreferrer\">\u010cKS<\/a>) jako Z\u00e1kladn\u00ed kynologick\u00e1 organizace (ZKO) \u010d.\u00a0586 &#8211; Tachov Miner\u00e1lka.<\/div>\n<div>\n<p style=\"text-align: left;\">P\u0159ipravujeme zde prezentaci, informuj\u00edc\u00ed o\u00a0novink\u00e1ch a\u00a0akc\u00edch na\u0161eho klubu, o\u00a0na\u0161ich psech a\u00a0\u010dlenech. Pokud\u00a0jste zv\u011bdav\u00ed, nev\u00e1hejte n\u00e1s nav\u0161t\u00edvit.<\/p>\n<p>Sch\u00e1z\u00edme\u00a0se v\u017edy\u00a0<span style=\"font-size: 14px;\"><strong>ka\u017edou sobotu v 9:30 .<\/strong><\/span><\/p>\n<\/div>\n<div>T\u011b\u0161\u00edme se na\u00a0V\u00e1s,<\/div>\n<div>ZKO Tachov<\/div>\n<div><\/div>\n<div><\/div>\n<div>Jednatel ZKO: Mark\u00e9ta V\u00e1clavov\u00e1 &#8211; 774 633 661<\/div>\n<p>[\/et_pb_text][\/et_pb_column][et_pb_column type=&#8220;1_2&#8243; _builder_version=&#8220;3.0.47&#8243; parallax=&#8220;off&#8220; parallax_method=&#8220;on&#8220;][et_pb_text _builder_version=&#8220;3.0.91&#8243;][tribe_events view=&#8220;list&#8220;\u00a0tribe-bar=&#8220;false&#8220;][\/et_pb_text][\/et_pb_column][\/et_pb_row][et_pb_row _builder_version=&#8220;3.0.91&#8243; background_size=&#8220;initial&#8220; background_position=&#8220;top_left&#8220; background_repeat=&#8220;repeat&#8220;][et_pb_column type=&#8220;4_4&#8243; _builder_version=&#8220;3.0.47&#8243; parallax=&#8220;off&#8220; parallax_method=&#8220;on&#8220;][et_pb_cta title=&#8220;Kynologick\u00fd klub ZKO \u010d. 586 Tachov &#8211; Miner\u00e1lka&#8220; button_text=&#8220;Za\u0161lete n\u00e1m zpr\u00e1vu&#8220; admin_label=&#8220;Call To Action&#8220; module_id=&#8220;ONAS&#8220; module_class=&#8220;ps2id&#8220; _builder_version=&#8220;3.0.91&#8243; background_color=&#8220;#314ea0&#8243; background_size=&#8220;initial&#8220; background_position=&#8220;top_left&#8220; background_repeat=&#8220;repeat&#8220;]Z\u00e1kladn\u00ed kynologick\u00e1 organizace (ZKO) \u010d. 586 Tachov \u2013 Miner\u00e1lka byla zalo\u017eena v\u00a0roce 1996. Zab\u00fdv\u00e1me se sportovn\u00ed kynologi\u00ed, tr\u00e9nujeme podle n\u00e1rodn\u00edho i mezin\u00e1rodn\u00edho zku\u0161ebn\u00edho \u0159\u00e1du, tak\u00e9 podle zku\u0161ebn\u00edho \u0159\u00e1du KJ Brno.<\/p>\n<p>Na\u0161e ZKO se nach\u00e1z\u00ed na louce v\u00a0t\u011bsn\u00e9 bl\u00edzkosti Aleje U Miner\u00e1lky. M\u00e1me k\u00a0dispozici oplocen\u00fd pozemek s\u00a0klubovnou, odkl\u00e1dac\u00edmi boxy a skokov\u00fdmi p\u0159ek\u00e1\u017ekami. Samotn\u00fd v\u00fdcvik prob\u00edh\u00e1 na p\u0159ilehl\u00e9 louce, kde m\u00e1me instalovan\u00e9 z\u00e1st\u011bny pro n\u00e1cvik obran.<\/p>\n<p>V\u00edt\u00e1me z\u00e1jemce o v\u00fdcvik a v\u00fdchovu psa v\u00a0duchu sportovn\u00ed kynologie. Jsme parta lid\u00ed se stejn\u00fdm kon\u00ed\u010dkem a tr\u00e9nujeme pro radost. N\u00e1\u0161 v\u00fdcvik vede a cenn\u00e9 rady a zku\u0161enosti n\u00e1m p\u0159ed\u00e1v\u00e1 hlavn\u00ed v\u00fdcvik\u00e1\u0159 pan Hoffmann.[\/et_pb_cta][\/et_pb_column][\/et_pb_row][et_pb_row _builder_version=&#8220;3.0.91&#8243;][et_pb_column type=&#8220;1_2&#8243; _builder_version=&#8220;3.0.47&#8243; parallax=&#8220;off&#8220; parallax_method=&#8220;on&#8220;][et_pb_post_slider more_text=&#8220;v\u00edce zde&#8220; excerpt_length=&#8220;100&#8243; _builder_version=&#8220;3.0.99&#8243; background_color=&#8220;#487bea&#8220; custom_button=&#8220;on&#8220; button_text_size=&#8220;21px&#8220; button_text_color=&#8220;#ffffff&#8220; button_border_color=&#8220;#ffffff&#8220; button_font=&#8220;||||||||&#8220; button_alignment=&#8220;center&#8220; box_shadow_style=&#8220;preset6&#8243; box_shadow_blur=&#8220;10px&#8220; box_shadow_color=&#8220;rgba(0,0,0,0.1)&#8220;][\/et_pb_post_slider][\/et_pb_column][et_pb_column type=&#8220;1_2&#8243; _builder_version=&#8220;3.0.47&#8243; parallax=&#8220;off&#8220; parallax_method=&#8220;on&#8220;][et_pb_contact_form email=&#8220;marketa.vaclavova@gmail.com&#8220; title=&#8220;Za\u0161lete n\u00e1m zpr\u00e1vu&#8220; success_message=&#8220;Va\u0161e zpr\u00e1va byla odesl\u00e1na \u00fasp\u011b\u0161n\u011b&#8220; module_id=&#8220;et_pb_contact_form_0&#8243; _builder_version=&#8220;3.0.91&#8243; saved_tabs=&#8220;all&#8220;][et_pb_contact_field field_id=&#8220;Name&#8220; field_title=&#8220;Jm\u00e9no&#8220; _builder_version=&#8220;3.0.87&#8243; border_radii=&#8220;on||||&#8220;][\/et_pb_contact_field][et_pb_contact_field field_id=&#8220;Email&#8220; field_title=&#8220;E-mailov\u00e1 adresa&#8220; field_type=&#8220;email&#8220; _builder_version=&#8220;3.0.87&#8243; border_radii=&#8220;on||||&#8220;][\/et_pb_contact_field][et_pb_contact_field field_id=&#8220;Message&#8220; field_title=&#8220;Zpr\u00e1va&#8220; field_type=&#8220;text&#8220; fullwidth_field=&#8220;on&#8220; _builder_version=&#8220;3.0.87&#8243; border_radii=&#8220;on||||&#8220;][\/et_pb_contact_field][\/et_pb_contact_form][\/et_pb_column][\/et_pb_row][et_pb_row _builder_version=&#8220;3.0.91&#8243;][et_pb_column type=&#8220;4_4&#8243; _builder_version=&#8220;3.0.47&#8243; parallax=&#8220;off&#8220; parallax_method=&#8220;on&#8220;][et_pb_map address=&#8220;V Alej\u00edch, 347 01 Tachov, Czechia&#8220; zoom_level=&#8220;17&#8243; address_lat=&#8220;49.794329491981&#8243; address_lng=&#8220;12.644390298534&#8243; _builder_version=&#8220;3.0.91&#8243; saved_tabs=&#8220;all&#8220;][et_pb_map_pin title=&#8220;ZKO Tachov Miner\u00e1lka&#8220; pin_address=&#8220;Tachov Miner\u00e1lka&#8220; pin_address_lat=&#8220;49.794203253098&#8243; pin_address_lng=&#8220;12.644276618958&#8243; _builder_version=&#8220;3.0.91&#8243;][\/et_pb_map_pin][\/et_pb_map][\/et_pb_column][\/et_pb_row][\/et_pb_section]<\/p>\n","protected":false},"excerpt":{"rendered":"<p>[et_pb_section fb_built=&#8220;1&#8243; _builder_version=&#8220;3.0.47&#8243;][et_pb_row disabled_on=&#8220;off|off|off&#8220; _builder_version=&#8220;3.9&#8243; background_size=&#8220;initial&#8220; background_position=&#8220;top_left&#8220; background_repeat=&#8220;repeat&#8220;][et_pb_column type=&#8220;4_4&#8243; _builder_version=&#8220;3.0.47&#8243; parallax=&#8220;off&#8220; parallax_method=&#8220;on&#8220;][et_pb_slider disabled_on=&#8220;off|off|off&#8220; admin_label=&#8220;Slider&#8220; _builder_version=&#8220;3.9&#8243; use_background_color_gradient=&#8220;on&#8220; background_image=&#8220;https:\/\/zkotachov.eu\/wp-content\/uploads\/2018\/01\/P1050288.jpg&#8220; box_shadow_style=&#8220;preset6&#8243; box_shadow_blur=&#8220;10px&#8220; box_shadow_color=&#8220;rgba(0,0,0,0.1)&#8220; custom_padding=&#8220;|||&#8220;][et_pb_slide heading=&#8220;V\u00edtejte na str\u00e1nk\u00e1ch ZKO Tachov &#8211; Miner\u00e1lka&#8220; use_bg_overlay=&#8220;off&#8220; use_text_overlay=&#8220;off&#8220; [&hellip;]<\/p>\n","protected":false},"author":1,"featured_media":0,"parent":0,"menu_order":0,"comment_status":"closed","ping_status":"closed","template":"","meta":{"footnotes":""},"_links":{"self":[{"href":"https:\/\/zkotachov.eu\/index.php?rest_route=\/wp\/v2\/pages\/48"}],"collection":[{"href":"https:\/\/zkotachov.eu\/index.php?rest_route=\/wp\/v2\/pages"}],"about":[{"href":"https:\/\/zkotachov.eu\/index.php?rest_route=\/wp\/v2\/types\/page"}],"author":[{"embeddable":true,"href":"https:\/\/zkotachov.eu\/index.php?rest_route=\/wp\/v2\/users\/1"}],"replies":[{"embeddable":true,"href":"https:\/\/zkotachov.eu\/index.php?rest_route=%2Fwp%2Fv2%2Fcomments&post=48"}],"version-history":[{"count":47,"href":"https:\/\/zkotachov.eu\/index.php?rest_route=\/wp\/v2\/pages\/48\/revisions"}],"predecessor-version":[{"id":632,"href":"https:\/\/zkotachov.eu\/index.php?rest_route=\/wp\/v2\/pages\/48\/revisions\/632"}],"wp:attachment":[{"href":"https:\/\/zkotachov.eu\/index.php?rest_route=%2Fwp%2Fv2%2Fmedia&parent=48"}],"curies":[{"name":"wp","href":"https:\/\/api.w.org\/{rel}","templated":true}]}}