{"id":444,"date":"2018-01-01T13:02:34","date_gmt":"2018-01-01T13:02:34","guid":{"rendered":"https:\/\/zkotachov.eu\/?page_id=444"},"modified":"2018-01-06T15:35:11","modified_gmt":"2018-01-06T15:35:11","slug":"kontakt","status":"publish","type":"page","link":"https:\/\/zkotachov.eu\/?page_id=444","title":{"rendered":"Kontakt"},"content":{"rendered":"<p>[et_pb_section fb_built=&#8220;1&#8243; admin_label=&#8220;section&#8220; _builder_version=&#8220;3.0.47&#8243;][et_pb_row admin_label=&#8220;row&#8220; _builder_version=&#8220;3.0.47&#8243; background_size=&#8220;initial&#8220; background_position=&#8220;top_left&#8220; background_repeat=&#8220;repeat&#8220;][et_pb_column type=&#8220;1_2&#8243; _builder_version=&#8220;3.0.47&#8243; parallax=&#8220;off&#8220; parallax_method=&#8220;on&#8220;][et_pb_text _builder_version=&#8220;3.0.91&#8243; background_size=&#8220;initial&#8220; background_position=&#8220;top_left&#8220; background_repeat=&#8220;repeat&#8220;]<\/p>\n<h4><\/h4>\n<h4><strong>\u010cESK\u00dd KYNOLOGICK\u00dd SVAZ ZKO 586<\/strong><\/h4>\n<h4><strong>Tachov Miner\u00e1lka<\/strong><\/h4>\n<p>&nbsp;<\/p>\n<h4>Hlavn\u00ed v\u00fdcvik\u00e1\u0159 : p. Josef Hoffmann &#8211; 606 145 721<\/h4>\n<h4>Jednatel ZKO : Mark\u00e9ta V\u00e1clavov\u00e1 \u2013 774 633 661<\/h4>\n<p>[\/et_pb_text][\/et_pb_column][et_pb_column type=&#8220;1_2&#8243; _builder_version=&#8220;3.0.47&#8243; parallax=&#8220;off&#8220; parallax_method=&#8220;on&#8220;][et_pb_contact_form email=&#8220;marketa.vaclavova@gmail.com&#8220; title=&#8220;Za\u0161lete n\u00e1m zpr\u00e1vu&#8220; success_message=&#8220;Va\u0161e zpr\u00e1va byla odesl\u00e1na \u00fasp\u011b\u0161n\u011b&#8220; module_id=&#8220;et_pb_contact_form_0&#8243; _builder_version=&#8220;3.0.91&#8243; saved_tabs=&#8220;all&#8220;][et_pb_contact_field field_id=&#8220;Name&#8220; field_title=&#8220;Jm\u00e9no&#8220; _builder_version=&#8220;3.0.47&#8243; border_radii=&#8220;on||||&#8220;][\/et_pb_contact_field][et_pb_contact_field field_id=&#8220;Email&#8220; field_title=&#8220;E-mailov\u00e1 adresa&#8220; field_type=&#8220;email&#8220; _builder_version=&#8220;3.0.47&#8243; border_radii=&#8220;on||||&#8220;][\/et_pb_contact_field][et_pb_contact_field field_id=&#8220;Message&#8220; field_title=&#8220;Zpr\u00e1va&#8220; field_type=&#8220;text&#8220; fullwidth_field=&#8220;on&#8220; _builder_version=&#8220;3.0.47&#8243; border_radii=&#8220;on||||&#8220;][\/et_pb_contact_field][\/et_pb_contact_form][\/et_pb_column][\/et_pb_row][et_pb_row _builder_version=&#8220;3.0.47&#8243; background_size=&#8220;initial&#8220; background_position=&#8220;top_left&#8220; background_repeat=&#8220;repeat&#8220;][et_pb_column type=&#8220;4_4&#8243; _builder_version=&#8220;3.0.47&#8243; parallax=&#8220;off&#8220; parallax_method=&#8220;on&#8220;][et_pb_map address=&#8220;V Alej\u00edch, 347 01 Tachov, Czechia&#8220; zoom_level=&#8220;17&#8243; address_lat=&#8220;49.794329491981&#8243; address_lng=&#8220;12.644390298534&#8243; _builder_version=&#8220;3.0.91&#8243; saved_tabs=&#8220;all&#8220;][et_pb_map_pin title=&#8220;ZKO Tachov Miner\u00e1lka&#8220; pin_address=&#8220;Tachov Miner\u00e1lka&#8220; pin_address_lat=&#8220;49.794203253098&#8243; pin_address_lng=&#8220;12.644276618958&#8243; _builder_version=&#8220;3.0.91&#8243;][\/et_pb_map_pin][\/et_pb_map][\/et_pb_column][\/et_pb_row][\/et_pb_section]<\/p>\n","protected":false},"excerpt":{"rendered":"<p>[et_pb_section fb_built=&#8220;1&#8243; admin_label=&#8220;section&#8220; _builder_version=&#8220;3.0.47&#8243;][et_pb_row admin_label=&#8220;row&#8220; _builder_version=&#8220;3.0.47&#8243; background_size=&#8220;initial&#8220; background_position=&#8220;top_left&#8220; background_repeat=&#8220;repeat&#8220;][et_pb_column type=&#8220;1_2&#8243; _builder_version=&#8220;3.0.47&#8243; parallax=&#8220;off&#8220; parallax_method=&#8220;on&#8220;][et_pb_text _builder_version=&#8220;3.0.91&#8243; background_size=&#8220;initial&#8220; background_position=&#8220;top_left&#8220; background_repeat=&#8220;repeat&#8220;] \u010cESK\u00dd KYNOLOGICK\u00dd SVAZ ZKO 586 Tachov Miner\u00e1lka &nbsp; Hlavn\u00ed v\u00fdcvik\u00e1\u0159 : p. Josef [&hellip;]<\/p>\n","protected":false},"author":1,"featured_media":0,"parent":0,"menu_order":0,"comment_status":"closed","ping_status":"closed","template":"","meta":{"footnotes":""},"_links":{"self":[{"href":"https:\/\/zkotachov.eu\/index.php?rest_route=\/wp\/v2\/pages\/444"}],"collection":[{"href":"https:\/\/zkotachov.eu\/index.php?rest_route=\/wp\/v2\/pages"}],"about":[{"href":"https:\/\/zkotachov.eu\/index.php?rest_route=\/wp\/v2\/types\/page"}],"author":[{"embeddable":true,"href":"https:\/\/zkotachov.eu\/index.php?rest_route=\/wp\/v2\/users\/1"}],"replies":[{"embeddable":true,"href":"https:\/\/zkotachov.eu\/index.php?rest_route=%2Fwp%2Fv2%2Fcomments&post=444"}],"version-history":[{"count":13,"href":"https:\/\/zkotachov.eu\/index.php?rest_route=\/wp\/v2\/pages\/444\/revisions"}],"predecessor-version":[{"id":489,"href":"https:\/\/zkotachov.eu\/index.php?rest_route=\/wp\/v2\/pages\/444\/revisions\/489"}],"wp:attachment":[{"href":"https:\/\/zkotachov.eu\/index.php?rest_route=%2Fwp%2Fv2%2Fmedia&parent=444"}],"curies":[{"name":"wp","href":"https:\/\/api.w.org\/{rel}","templated":true}]}}