{"id":155,"date":"2017-12-25T13:43:16","date_gmt":"2017-12-25T13:43:16","guid":{"rendered":"https:\/\/zkotachov.eu\/?page_id=155"},"modified":"2017-12-25T14:17:54","modified_gmt":"2017-12-25T14:17:54","slug":"od-obloucku-k-lomum","status":"publish","type":"page","link":"https:\/\/zkotachov.eu\/?page_id=155","title":{"rendered":"Od oblou\u010dku k lom\u016fm"},"content":{"rendered":"<p>[et_pb_section fb_built=&#8220;1&#8243; _builder_version=&#8220;3.0.47&#8243;][et_pb_row _builder_version=&#8220;3.0.91&#8243;][et_pb_column type=&#8220;1_3&#8243; _builder_version=&#8220;3.0.47&#8243; parallax=&#8220;off&#8220; parallax_method=&#8220;on&#8220;][et_pb_image src=&#8220;https:\/\/zkotachov.eu\/wp-content\/uploads\/2017\/12\/ohar.png&#8220; _builder_version=&#8220;3.0.91&#8243;][\/et_pb_image][\/et_pb_column][et_pb_column type=&#8220;2_3&#8243; _builder_version=&#8220;3.0.47&#8243; parallax=&#8220;off&#8220; parallax_method=&#8220;on&#8220;][et_pb_text _builder_version=&#8220;3.0.91&#8243;]<\/p>\n<p><img loading=\"lazy\" decoding=\"async\" class=\"imageStyle\" src=\"https:\/\/zkotachov.eu\/vycvik\/stopy\/od_obloucku_k_lomum_files\/pasted-graphic-3.jpg\" alt=\"Pasted Graphic 3\" width=\"849\" height=\"557\" \/><br \/>\n<em>Soust\u0159ed\u011bn\u00e9 vyhled\u00e1n\u00ed pachu v n\u00e1\u0161lapu<br \/>\n<\/em><br \/>\n<big><big>\u0160lapeme oblouky<\/big><\/big><br \/>\nPokud jsme zvl\u00e1dli po\u010d\u00e1te\u010dn\u00ed f\u00e1zi v\u00fdcviku a pes n\u00e1m ji\u017e samostatn\u011b, spolehliv\u011b a s pot\u0159ebn\u00fdm z\u00e1jmem sleduje nejm\u00e9n\u011b pades\u00e1t metr\u016f dlouhou pachovou stopu v p\u0159\u00edm\u00e9m \u00faseku, za\u010d\u00edn\u00e1me p\u0159ech\u00e1zet z p\u0159\u00edm\u00fdch \u00fasek\u016f do velik\u00e9ho oblouku. Samoz\u0159ejm\u011b, \u017ee stopu v t\u00e9to f\u00e1zi klademe ji\u017e jen jedn\u00edm sm\u011brem. Neust\u00e1le v\u0161ak pokl\u00e1d\u00e1me do \u0161l\u00e1pot pamlsky. Ne v\u0161ak ji\u017e do ka\u017ed\u00e9 jako v po\u010d\u00e1tku, ale postupn\u011b ve v\u011bt\u0161\u00edch rozestupech. Mus\u00edme vych\u00e1zet ze z\u00e1jmu psa. Pokud je mal\u00fd, pamlsk\u016f pou\u017e\u00edv\u00e1me v\u00edce a naopak. Ur\u010dit\u00fdm m\u011b\u0159\u00edtkem v pozd\u011bj\u0161\u00edm v\u00fdcviku m\u016f\u017ee b\u00fdt i fakt, \u017ee pro psa je siln\u011bj\u0161\u00edm motivem sledovat pach klade\u010de a pamlsky p\u0159ech\u00e1z\u00ed.<\/p>\n<p><img loading=\"lazy\" decoding=\"async\" class=\"imageStyle\" src=\"https:\/\/zkotachov.eu\/vycvik\/stopy\/od_obloucku_k_lomum_files\/pasted-graphic-6.jpg\" alt=\"Pasted Graphic 6\" width=\"849\" height=\"484\" \/><br \/>\n<em>Schematick\u00e9 zn\u00e1zorn\u011bn\u00ed tvar\u016f stop od po\u010d\u00e1tku n\u00e1cviku na kr\u00e1tk\u00fdch a rovn\u00fdch stop\u00e1ch, s postupn\u00fdm prodlu\u017eov\u00e1n\u00edm \u00faseku. D\u00e1le vytv\u00e1\u0159en\u00ed oblouku s postupn\u00fdm zmen\u0161ov\u00e1nim jeho polom\u011bru a\u017e po prav\u00fd lom s p\u0159echodem do druh\u00e9ho \u00faseku a ozna\u010den\u00edm p\u0159edm\u011btu na konci stopy. Pokra\u010dujeme stopou s v\u00edce \u00faseky, lomy a p\u0159edm\u011bty. Oblouky a lomy st\u0159\u00eddat nepravideln\u011b vlevo a vpravo.<\/em><\/p>\n<p><big><big>\u010cich\u00e1 doopravdy?<\/big><\/big><br \/>\nKladen\u00edm stopy do oblouku si ov\u011b\u0159\u00edme a z\u00e1rove\u0148 potvrd\u00edme, zda jsme doposud pracovali spr\u00e1vn\u011b a jestli pes skute\u010dn\u011b polo\u017eenou pachovou stopu sleduje \u010dichem. M\u016f\u017ee se toti\u017e st\u00e1t, \u017ee se dosud prov\u00e1d\u011bn\u00fdm v\u00fdcvikem jen nau\u010dil, \u017ee vyraz\u00ed z n\u00e1\u0161lapu p\u0159\u00edm\u00fdm sm\u011brem a n\u011bkde na konci jej \u010dek\u00e1 odm\u011bna. V takov\u00e9m p\u0159\u00edpad\u011b jsme se dopustili chyby a mus\u00edme za\u010d\u00edt od za\u010d\u00e1tku. Pokud jsme postupovali spr\u00e1vn\u011b, pes z rovn\u00e9ho \u00faseku zm\u011bnu sm\u011bru a p\u0159echod do m\u00edrn\u00e9ho oblouku zaregistruje a stopu n\u00e1m sleduje opravdu po oblouku polo\u017een\u00e9 stopy. T\u00edm si potvrd\u00edme, \u017ee svoji pr\u00e1ci d\u011bl\u00e1me dob\u0159e a z\u00e1rove\u0148 ji\u017e za\u010d\u00edn\u00e1me prov\u00e1d\u011bt p\u0159\u00edpravu psa k vypracov\u00e1n\u00ed Iom\u016f. Zde je pot\u0159eba zd\u016fraznit, \u017ee p\u0159ipravit psa k \u010dist\u00e9mu vypracov\u00e1n\u00ed nejen pravo\u00fahl\u00fdch, ale i ostr\u00fdch Iom\u016f je n\u00e1ro\u010dn\u011bj\u0161\u00ed ne\u017e sledov\u00e1n\u00ed rovn\u00fdch \u00fasek\u016f. V\u00fdcvik vy\u017eaduje trp\u011blivost, d\u016fslednost a zejm\u00e9na pravidelnost. T\u00edm nen\u00ed my\u0161leno, \u017ee pes mus\u00ed stopovat ka\u017edodenn\u011b. Op\u011bt mus\u00edme vych\u00e1zet z jeho povahy. N\u011bkter\u00e9ho \u010dast\u00e9 stopov\u00e1n\u00ed za\u010d\u00edn\u00e1 znechucovat a ztr\u00e1c\u00ed z\u00e1jem. Jin\u00fd pes zase naopak pot\u0159ebuje pr\u00e1ci na stop\u011b \u010dast\u011bji, jinak se dopou\u0161t\u00ed chyb zpravidla plynouc\u00edch z jeho p\u0159\u00edli\u0161n\u00e9 chtivosti. Dobr\u00fd stopa\u0159 mus\u00ed m\u00edt o stopu z\u00e1jem, ale p\u0159itom pracovat klidn\u011b a soust\u0159ed\u011bn\u011b.<\/p>\n<blockquote>\n<p>C\u00edlem je dos\u00e1hnout, aby byl pes schopen bez probl\u00e9m\u016f vypracovat lomy ob\u011bma sm\u011bry.<\/p>\n<\/blockquote>\n<div><big><big>Postupn\u011b k c\u00edli<\/big><\/big><\/div>\n<div>Sm\u011bry oblouk\u016f nepravideln\u011b st\u0159\u00edd\u00e1me vlevo a vpravo tak, aby nevznikl u psa stereotyp vybo\u010dov\u00e1n\u00ed jednim sm\u011brem. N\u00e1sledn\u011b prodlu\u017eujeme i p\u0159\u00edm\u00e9 \u00faseky za st\u0159\u00edd\u00e1n\u00ed oblouk\u016f vlevo a vpravo, postupn\u011b zmen\u0161ujeme jejich polom\u011br a op\u011bt p\u0159ech\u00e1z\u00edme do p\u0159\u00edm\u00e9ho \u00faseku (viz schematick\u00e9 zn\u00e1zorn\u011bn\u00ed tvar\u016f stop od po\u010d\u00e1tk\u016f v\u00fdcviku). Tak se dopracujeme a\u017e do \u00fapln\u011b mal\u00fdch oblou\u010dk\u016f v p\u0159echodu mezi rovn\u00fdmi \u00faseky. Pr\u00e1ci s oblouky ukon\u010d\u00edme ve chv\u00edli, kdy m\u00edsto oblouku ji\u017e ud\u011bl\u00e1me pravo\u00fahl\u00fd lom (st\u0159\u00eddav\u011b vlevo nebo vpravo). V m\u00edst\u011b prov\u00e1d\u011bn\u00e9ho pravo\u00fahl\u00e9ho lomu, kdy se oto\u010d\u00edme o devades\u00e1t stup\u0148\u016f, odchodovou trasu pro\u0161lapeme mal\u00fdmi kr\u016f\u010dky t\u011bsn\u011b za sebou. Tim zes\u00edl\u00edme pach ve zm\u011bn\u011b sm\u011bru a psovi to tak d\u00e1me sn\u00e1ze najevo a usnadn\u00edme mu tim i vyhled\u00e1n\u00ed stopy. C\u00edlem je dos\u00e1hnout, aby byl pes schopen bez probl\u00e9m\u016f vypracovat lomy ob\u011bma sm\u011bry. Pom\u00e1h\u00e1me si i pokl\u00e1d\u00e1n\u00edm pamlsk\u016f. V tomto \u0159 p\u0159\u00edpad\u011b na odchodov\u00e9 trase z lomu pokl\u00e1d\u00e1me n\u011bkolik pamlsk\u016f za sebou. Pln\u00ed \u00fa\u010del nejen jako odm\u011bna pro psa za vypracovan\u00fd lom, ale tak\u00e9 pro zv\u00fd\u0161en\u00ed jeho z\u00e1jmu o sledov\u00e1n\u00ed dal\u0161\u00edho \u00faseku.<\/div>\n<p>&nbsp;<\/p>\n<p><img loading=\"lazy\" decoding=\"async\" class=\"imageStyle\" src=\"https:\/\/zkotachov.eu\/vycvik\/stopy\/od_obloucku_k_lomum_files\/pasted-graphic-7.jpg\" alt=\"Pasted Graphic 7\" width=\"847\" height=\"400\" \/><br \/>\n<em>Uk\u00e1zka veden\u00ed psa s podvle\u010den\u00fdm stopovac\u00edm vod\u00edtkem i mezi zadn\u00edma nohama. Psovod m\u00e1 mo\u017enost rychle a \u00fa\u010dinn\u011b pou\u017eit nepodmin\u011bn\u00e9ho podn\u011btu (vod\u00edtka) k n\u00e1prav\u011b chyby psa.<br \/>\n<\/em><\/p>\n<div><big><big>Veden\u00ed je d\u016fle\u017eit\u00e9<\/big><\/big><\/div>\n<p>Z d\u016fvodu mo\u017enosti ovlivn\u011bn\u00ed a usm\u011brn\u011bn\u00ed doporu\u010duji psa v\u00e9st na stopovac\u00edm vod\u00edtku na obojku s provle\u010den\u00edm mezi p\u0159edn\u00edma i zadn\u00edma nohama. Rovn\u011b\u017e vzd\u00e1lenost psovoda za psem mus\u00ed odpov\u00eddat f\u00e1zi jeho vychozenosti a zp\u016fsobu sledov\u00e1n\u00ed stopy. M\u011bli bychom za n\u00edm chodit tak daleko, abychom mu nedovolili zbyte\u010dn\u00e9 pob\u00edh\u00e1n\u00ed mimo a dostate\u010dn\u011b rychle a v\u010das jej dok\u00e1zali opravit \u010di usm\u011brnit v p\u0159\u00edpad\u011b, \u017ee stopu sleduje nep\u0159esn\u00e9 a nesoust\u0159ed\u011bn\u011b. S p\u0159ib\u00fdvaj\u00edc\u00ed jistotou jeho pr\u00e1ce d\u00e9lku vod\u00edtka postupn\u011b prodlu\u017eujeme na v\u011bt\u0161\u00ed vzd\u00e1lenost, respektive a\u017e na celou jeho d\u00e9lku, tedy na deset metr\u016f. V t\u00e9to f\u00e1zi v\u00fdcviku by na konci stopy ji\u017e m\u011bl pes ozna\u010dovat nalezen\u00fd p\u0159edm\u011bt. V po\u010d\u00e1tku je t\u00edmto obl\u00edben\u00fd p\u0159edm\u011bt psa, kter\u00fdm byl doposud na konci stopy odm\u011b\u0148ov\u00e1n. O tom ale a\u017e p\u0159\u00ed\u0161t\u011b.<\/p>\n<p><strong>Bc. Ji\u0159\u00ed Las\u00edk<\/strong><\/p>\n<p>[\/et_pb_text][\/et_pb_column][\/et_pb_row][\/et_pb_section]<\/p>\n","protected":false},"excerpt":{"rendered":"<p>[et_pb_section fb_built=&#8220;1&#8243; _builder_version=&#8220;3.0.47&#8243;][et_pb_row _builder_version=&#8220;3.0.91&#8243;][et_pb_column type=&#8220;1_3&#8243; _builder_version=&#8220;3.0.47&#8243; parallax=&#8220;off&#8220; parallax_method=&#8220;on&#8220;][et_pb_image src=&#8220;https:\/\/zkotachov.eu\/wp-content\/uploads\/2017\/12\/ohar.png&#8220; _builder_version=&#8220;3.0.91&#8243;][\/et_pb_image][\/et_pb_column][et_pb_column type=&#8220;2_3&#8243; _builder_version=&#8220;3.0.47&#8243; parallax=&#8220;off&#8220; parallax_method=&#8220;on&#8220;][et_pb_text _builder_version=&#8220;3.0.91&#8243;] Soust\u0159ed\u011bn\u00e9 vyhled\u00e1n\u00ed pachu v n\u00e1\u0161lapu \u0160lapeme oblouky Pokud jsme zvl\u00e1dli po\u010d\u00e1te\u010dn\u00ed f\u00e1zi v\u00fdcviku a pes [&hellip;]<\/p>\n","protected":false},"author":1,"featured_media":0,"parent":0,"menu_order":0,"comment_status":"closed","ping_status":"closed","template":"","meta":{"footnotes":""},"_links":{"self":[{"href":"https:\/\/zkotachov.eu\/index.php?rest_route=\/wp\/v2\/pages\/155"}],"collection":[{"href":"https:\/\/zkotachov.eu\/index.php?rest_route=\/wp\/v2\/pages"}],"about":[{"href":"https:\/\/zkotachov.eu\/index.php?rest_route=\/wp\/v2\/types\/page"}],"author":[{"embeddable":true,"href":"https:\/\/zkotachov.eu\/index.php?rest_route=\/wp\/v2\/users\/1"}],"replies":[{"embeddable":true,"href":"https:\/\/zkotachov.eu\/index.php?rest_route=%2Fwp%2Fv2%2Fcomments&post=155"}],"version-history":[{"count":2,"href":"https:\/\/zkotachov.eu\/index.php?rest_route=\/wp\/v2\/pages\/155\/revisions"}],"predecessor-version":[{"id":174,"href":"https:\/\/zkotachov.eu\/index.php?rest_route=\/wp\/v2\/pages\/155\/revisions\/174"}],"wp:attachment":[{"href":"https:\/\/zkotachov.eu\/index.php?rest_route=%2Fwp%2Fv2%2Fmedia&parent=155"}],"curies":[{"name":"wp","href":"https:\/\/api.w.org\/{rel}","templated":true}]}}